{"id":429,"date":"2019-09-20T02:24:58","date_gmt":"2019-09-20T00:24:58","guid":{"rendered":"https:\/\/geodzer.fr\/?page_id=429"},"modified":"2022-10-28T10:13:58","modified_gmt":"2022-10-28T08:13:58","slug":"drone","status":"publish","type":"page","link":"https:\/\/www.geodzer.fr\/?page_id=429","title":{"rendered":"Drone"},"content":{"rendered":"\n<p class=\"has-text-align-center has-medium-font-size\"><strong>Prises de vues a\u00e9riennes<\/strong><\/p>\n\n\n\n<p class=\"has-text-align-center\">Type de drone, d&rsquo;images, de vid\u00e9os, etc.<\/p>\n\n\n\n<figure class=\"wp-container-2 wp-block-gallery-1 wp-block-gallery columns-3 is-cropped\"><ul class=\"blocks-gallery-grid\"><li class=\"blocks-gallery-item\"><figure><img loading=\"lazy\" width=\"1024\" height=\"576\" src=\"https:\/\/www.geodzer.fr\/wp-content\/uploads\/2019\/11\/village-Mbounatsa-1024x576.jpg\" alt=\"\" data-id=\"461\" data-full-url=\"https:\/\/www.geodzer.fr\/wp-content\/uploads\/2019\/11\/village-Mbounatsa.jpg\" data-link=\"https:\/\/www.geodzer.fr\/?attachment_id=461\" class=\"wp-image-461\" srcset=\"https:\/\/www.geodzer.fr\/wp-content\/uploads\/2019\/11\/village-Mbounatsa-1024x576.jpg 1024w, https:\/\/www.geodzer.fr\/wp-content\/uploads\/2019\/11\/village-Mbounatsa-300x169.jpg 300w, https:\/\/www.geodzer.fr\/wp-content\/uploads\/2019\/11\/village-Mbounatsa-768x432.jpg 768w\" sizes=\"(max-width: 1024px) 100vw, 1024px\" \/><\/figure><\/li><li class=\"blocks-gallery-item\"><figure><img loading=\"lazy\" width=\"1020\" height=\"522\" src=\"https:\/\/www.geodzer.fr\/wp-content\/uploads\/2020\/05\/D03_A1_3_Plan_adressage_mrouale_sat2018_lightL_rogne.jpg\" alt=\"\" data-id=\"477\" data-full-url=\"https:\/\/www.geodzer.fr\/wp-content\/uploads\/2020\/05\/D03_A1_3_Plan_adressage_mrouale_sat2018_lightL_rogne.jpg\" data-link=\"https:\/\/www.geodzer.fr\/?attachment_id=477\" class=\"wp-image-477\" srcset=\"https:\/\/www.geodzer.fr\/wp-content\/uploads\/2020\/05\/D03_A1_3_Plan_adressage_mrouale_sat2018_lightL_rogne.jpg 1020w, https:\/\/www.geodzer.fr\/wp-content\/uploads\/2020\/05\/D03_A1_3_Plan_adressage_mrouale_sat2018_lightL_rogne-300x154.jpg 300w, https:\/\/www.geodzer.fr\/wp-content\/uploads\/2020\/05\/D03_A1_3_Plan_adressage_mrouale_sat2018_lightL_rogne-768x393.jpg 768w\" sizes=\"(max-width: 1020px) 100vw, 1020px\" \/><\/figure><\/li><li class=\"blocks-gallery-item\"><figure><img loading=\"lazy\" width=\"1024\" height=\"576\" src=\"https:\/\/www.geodzer.fr\/wp-content\/uploads\/2019\/11\/IMG_20191111_181252_0044_1-1024x576.jpg\" alt=\"\" data-id=\"460\" data-full-url=\"https:\/\/www.geodzer.fr\/wp-content\/uploads\/2019\/11\/IMG_20191111_181252_0044_1.jpg\" data-link=\"https:\/\/www.geodzer.fr\/?attachment_id=460\" class=\"wp-image-460\" srcset=\"https:\/\/www.geodzer.fr\/wp-content\/uploads\/2019\/11\/IMG_20191111_181252_0044_1-1024x576.jpg 1024w, https:\/\/www.geodzer.fr\/wp-content\/uploads\/2019\/11\/IMG_20191111_181252_0044_1-300x169.jpg 300w, https:\/\/www.geodzer.fr\/wp-content\/uploads\/2019\/11\/IMG_20191111_181252_0044_1-768x432.jpg 768w\" sizes=\"(max-width: 1024px) 100vw, 1024px\" \/><\/figure><\/li><\/ul><\/figure>\n\n\n\n<div style=\"height:20px\" aria-hidden=\"true\" class=\"wp-block-spacer\"><\/div>\n\n\n\n<p class=\"has-text-align-center has-medium-font-size\"><strong>R\u00e9alisation de mod\u00e8les 3D<\/strong><\/p>\n\n\n\n<p class=\"has-text-align-center\">Lorem ipsum dolor sit amet, consectetur adipiscing elit, sed do eiusmod tempor incididunt ut labore et dolore magna aliqua. Id eu nisl nunc mi ipsum faucibus vitae. Orci phasellus egestas tellus rutrum tellus. Ac placerat vestibulum lectus mauris ultrices eros. Facilisis leo vel fringilla est ullamcorper eget nulla. Sed libero enim sed faucibus turpis in eu mi.<\/p>\n\n\n\n<div style=\"height:20px\" aria-hidden=\"true\" class=\"wp-block-spacer\"><\/div>\n\n\n\n<p class=\"has-text-align-center has-medium-font-size\"><strong>Interface web de prise de vue a\u00e9rienne<\/strong><\/p>\n\n\n\n<p class=\"has-text-align-center\">Lorem ipsum dolor sit amet, consectetur adipiscing elit, sed do eiusmod tempor incididunt ut labore et dolore magna aliqua. Id eu nisl nunc mi ipsum faucibus vitae. Orci phasellus egestas tellus rutrum tellus. Ac placerat vestibulum lectus mauris ultrices eros. Facilisis leo vel fringilla est ullamcorper eget nulla. Sed libero enim sed faucibus turpis in eu mi.<\/p>\n","protected":false},"excerpt":{"rendered":"<p>Prises de vues a\u00e9riennes Type de drone, d&rsquo;images, de vid\u00e9os, etc. R\u00e9alisation de mod\u00e8les 3D Lorem ipsum dolor sit amet, consectetur adipiscing elit, sed do eiusmod tempor incididunt ut labore et dolore magna aliqua. Id eu nisl nunc mi ipsum faucibus vitae. Orci phasellus egestas tellus rutrum tellus. Ac placerat vestibulum lectus mauris ultrices eros. [&hellip;]<\/p>\n","protected":false},"author":1,"featured_media":0,"parent":119,"menu_order":1,"comment_status":"closed","ping_status":"closed","template":"","meta":[],"_links":{"self":[{"href":"https:\/\/www.geodzer.fr\/index.php?rest_route=\/wp\/v2\/pages\/429"}],"collection":[{"href":"https:\/\/www.geodzer.fr\/index.php?rest_route=\/wp\/v2\/pages"}],"about":[{"href":"https:\/\/www.geodzer.fr\/index.php?rest_route=\/wp\/v2\/types\/page"}],"author":[{"embeddable":true,"href":"https:\/\/www.geodzer.fr\/index.php?rest_route=\/wp\/v2\/users\/1"}],"replies":[{"embeddable":true,"href":"https:\/\/www.geodzer.fr\/index.php?rest_route=%2Fwp%2Fv2%2Fcomments&post=429"}],"version-history":[{"count":5,"href":"https:\/\/www.geodzer.fr\/index.php?rest_route=\/wp\/v2\/pages\/429\/revisions"}],"predecessor-version":[{"id":564,"href":"https:\/\/www.geodzer.fr\/index.php?rest_route=\/wp\/v2\/pages\/429\/revisions\/564"}],"up":[{"embeddable":true,"href":"https:\/\/www.geodzer.fr\/index.php?rest_route=\/wp\/v2\/pages\/119"}],"wp:attachment":[{"href":"https:\/\/www.geodzer.fr\/index.php?rest_route=%2Fwp%2Fv2%2Fmedia&parent=429"}],"curies":[{"name":"wp","href":"https:\/\/api.w.org\/{rel}","templated":true}]}}