{"id":176,"date":"2019-09-14T17:40:42","date_gmt":"2019-09-14T15:40:42","guid":{"rendered":"https:\/\/geodzer.fr\/?page_id=176"},"modified":"2022-10-28T10:06:46","modified_gmt":"2022-10-28T08:06:46","slug":"sig-et-cartographie","status":"publish","type":"page","link":"https:\/\/www.geodzer.fr\/?page_id=176","title":{"rendered":"SIG &#038; cartographie"},"content":{"rendered":"\n<p class=\"has-text-align-center has-medium-font-size\"><strong>Conception et mise en place de votre SIG&nbsp;<\/strong><\/p>\n\n\n\n<div style=\"height:52px\" aria-hidden=\"true\" class=\"wp-block-spacer\"><\/div>\n\n\n\n<div class=\"wp-block-media-text alignwide is-stacked-on-mobile\" style=\"grid-template-columns:28% auto\"><figure class=\"wp-block-media-text__media\"><img loading=\"lazy\" width=\"1024\" height=\"768\" src=\"https:\/\/www.geodzer.fr\/wp-content\/uploads\/2019\/09\/Penguins-1024x768.jpg\" alt=\"\" class=\"wp-image-425\" srcset=\"https:\/\/www.geodzer.fr\/wp-content\/uploads\/2019\/09\/Penguins.jpg 1024w, https:\/\/www.geodzer.fr\/wp-content\/uploads\/2019\/09\/Penguins-300x225.jpg 300w, https:\/\/www.geodzer.fr\/wp-content\/uploads\/2019\/09\/Penguins-768x576.jpg 768w\" sizes=\"(max-width: 1024px) 100vw, 1024px\" \/><\/figure><div class=\"wp-block-media-text__content\">\n<p class=\"has-text-align-center has-normal-font-size\"><strong>Conception et mise en place d\u2019une Base de Donn\u00e9es<\/strong><\/p>\n\n\n\n<p class=\"has-text-align-center\">Parler des probl\u00e9matiques BdD, des logiciels utilis\u00e9s, d&rsquo;un exemple. Lorem ipsum dolor sit amet, consectetur adipiscing elit, sed do eiusmod tempor incididunt ut labore et dolore magna aliqua. Id eu nisl nunc mi ipsum faucibus vitae. Orci phasellus egestas tellus rutrum tellus.<\/p>\n\n\n\n<p class=\"has-text-align-center\"><strong>Mise en \u0153uvre d\u2019un SIG<\/strong><\/p>\n\n\n\n<p class=\"has-text-align-center\">Parler des probl\u00e9matiques SIG, des logiciels utilis\u00e9s, d&rsquo;un exemple. Lorem ipsum dolor sit amet, consectetur adipiscing elit, sed do eiusmod tempor incididunt ut labore et dolore magna aliqua. Id eu nisl nunc mi ipsum faucibus vitae. Orci phasellus egestas tellus rutrum tellus.<\/p>\n<\/div><\/div>\n\n\n\n<div style=\"height:20px\" aria-hidden=\"true\" class=\"wp-block-spacer\"><\/div>\n\n\n\n<div class=\"wp-block-media-text alignwide is-stacked-on-mobile\" style=\"grid-template-columns:28% auto\"><figure class=\"wp-block-media-text__media\"><img loading=\"lazy\" width=\"1024\" height=\"768\" src=\"https:\/\/www.geodzer.fr\/wp-content\/uploads\/2019\/09\/Penguins-1024x768.jpg\" alt=\"\" class=\"wp-image-425\" srcset=\"https:\/\/www.geodzer.fr\/wp-content\/uploads\/2019\/09\/Penguins.jpg 1024w, https:\/\/www.geodzer.fr\/wp-content\/uploads\/2019\/09\/Penguins-300x225.jpg 300w, https:\/\/www.geodzer.fr\/wp-content\/uploads\/2019\/09\/Penguins-768x576.jpg 768w\" sizes=\"(max-width: 1024px) 100vw, 1024px\" \/><\/figure><div class=\"wp-block-media-text__content\">\n<p class=\"has-text-align-center has-normal-font-size\"><strong>Mise en place d\u2019un Web-SIG<\/strong><\/p>\n\n\n\n<p class=\"has-text-align-center has-normal-font-size\">Parler des probl\u00e9matiques Web-SIG, des logiciels utilis\u00e9s, d&rsquo;un exemple. Lorem ipsum dolor sit amet, consectetur adipiscing elit, sed do eiusmod tempor incididunt ut labore et dolore magna aliqua. Id eu nisl nunc mi ipsum faucibus vitae. Orci phasellus egestas tellus rutrum tellus.<\/p>\n<\/div><\/div>\n\n\n\n<div style=\"height:56px\" aria-hidden=\"true\" class=\"wp-block-spacer\"><\/div>\n\n\n\n<p class=\"has-text-align-center has-medium-font-size\"><strong>Valorisation de vos donn\u00e9es\u00a0<\/strong><\/p>\n\n\n\n<div style=\"height:52px\" aria-hidden=\"true\" class=\"wp-block-spacer\"><\/div>\n\n\n\n<div class=\"wp-block-media-text alignwide has-media-on-the-right is-stacked-on-mobile\" style=\"grid-template-columns:auto 28%\"><figure class=\"wp-block-media-text__media\"><img loading=\"lazy\" width=\"1024\" height=\"768\" src=\"https:\/\/www.geodzer.fr\/wp-content\/uploads\/2019\/09\/Penguins-1024x768.jpg\" alt=\"\" class=\"wp-image-425\" srcset=\"https:\/\/www.geodzer.fr\/wp-content\/uploads\/2019\/09\/Penguins.jpg 1024w, https:\/\/www.geodzer.fr\/wp-content\/uploads\/2019\/09\/Penguins-300x225.jpg 300w, https:\/\/www.geodzer.fr\/wp-content\/uploads\/2019\/09\/Penguins-768x576.jpg 768w\" sizes=\"(max-width: 1024px) 100vw, 1024px\" \/><\/figure><div class=\"wp-block-media-text__content\">\n<p class=\"has-text-align-center has-normal-font-size\"><strong><strong>Contr\u00f4le qualit\u00e9<\/strong><\/strong><\/p>\n\n\n\n<p class=\"has-text-align-center\">Petite phrase sur le contr\u00f4le qualit\u00e9. Lorem ipsum dolor sit amet, consectetur adipiscing elit, sed do eiusmod tempor incididunt ut labore et dolore magna aliqua.<\/p>\n\n\n\n<p class=\"has-text-align-center\"><strong><strong>Cartes \u00e0 la demande<\/strong><\/strong><\/p>\n\n\n\n<p class=\"has-text-align-center\">Phrases sur les diff\u00e9rentes cartes. Lorem ipsum dolor sit amet, consectetur adipiscing elit, sed do eiusmod tempor incididunt ut labore et dolore magna aliqua. Id eu nisl nunc mi ipsum faucibus vitae. Lorem ipsum dolor sit amet, consectetur adipiscing elit, sed do eiusmod tempor incididunt ut labore et dolore magna aliqua. Id eu nisl nunc mi ipsum faucibus vitae.<\/p>\n<\/div><\/div>\n\n\n\n<div class=\"wp-block-media-text alignwide has-media-on-the-right is-stacked-on-mobile\" style=\"grid-template-columns:auto 28%\"><figure class=\"wp-block-media-text__media\"><img loading=\"lazy\" width=\"1024\" height=\"768\" src=\"https:\/\/www.geodzer.fr\/wp-content\/uploads\/2019\/09\/Penguins-1024x768.jpg\" alt=\"\" class=\"wp-image-425\" srcset=\"https:\/\/www.geodzer.fr\/wp-content\/uploads\/2019\/09\/Penguins.jpg 1024w, https:\/\/www.geodzer.fr\/wp-content\/uploads\/2019\/09\/Penguins-300x225.jpg 300w, https:\/\/www.geodzer.fr\/wp-content\/uploads\/2019\/09\/Penguins-768x576.jpg 768w\" sizes=\"(max-width: 1024px) 100vw, 1024px\" \/><\/figure><div class=\"wp-block-media-text__content\">\n<p class=\"has-text-align-center has-normal-font-size\"><strong><strong>R\u00e9alisation de supports personnalis\u00e9s<\/strong><\/strong><\/p>\n\n\n\n<p class=\"has-text-align-center has-normal-font-size\">Phrases sur les diff\u00e9rents supports. Lorem ipsum dolor sit amet, consectetur adipiscing elit, sed do eiusmod tempor incididunt ut labore et dolore magna aliqua. Id eu nisl nunc mi ipsum faucibus vitae.<\/p>\n<\/div><\/div>\n","protected":false},"excerpt":{"rendered":"<p>Conception et mise en place de votre SIG&nbsp; Conception et mise en place d\u2019une Base de Donn\u00e9es Parler des probl\u00e9matiques BdD, des logiciels utilis\u00e9s, d&rsquo;un exemple. Lorem ipsum dolor sit amet, consectetur adipiscing elit, sed do eiusmod tempor incididunt ut labore et dolore magna aliqua. Id eu nisl nunc mi ipsum faucibus vitae. Orci phasellus [&hellip;]<\/p>\n","protected":false},"author":1,"featured_media":0,"parent":119,"menu_order":0,"comment_status":"closed","ping_status":"closed","template":"","meta":[],"_links":{"self":[{"href":"https:\/\/www.geodzer.fr\/index.php?rest_route=\/wp\/v2\/pages\/176"}],"collection":[{"href":"https:\/\/www.geodzer.fr\/index.php?rest_route=\/wp\/v2\/pages"}],"about":[{"href":"https:\/\/www.geodzer.fr\/index.php?rest_route=\/wp\/v2\/types\/page"}],"author":[{"embeddable":true,"href":"https:\/\/www.geodzer.fr\/index.php?rest_route=\/wp\/v2\/users\/1"}],"replies":[{"embeddable":true,"href":"https:\/\/www.geodzer.fr\/index.php?rest_route=%2Fwp%2Fv2%2Fcomments&post=176"}],"version-history":[{"count":22,"href":"https:\/\/www.geodzer.fr\/index.php?rest_route=\/wp\/v2\/pages\/176\/revisions"}],"predecessor-version":[{"id":559,"href":"https:\/\/www.geodzer.fr\/index.php?rest_route=\/wp\/v2\/pages\/176\/revisions\/559"}],"up":[{"embeddable":true,"href":"https:\/\/www.geodzer.fr\/index.php?rest_route=\/wp\/v2\/pages\/119"}],"wp:attachment":[{"href":"https:\/\/www.geodzer.fr\/index.php?rest_route=%2Fwp%2Fv2%2Fmedia&parent=176"}],"curies":[{"name":"wp","href":"https:\/\/api.w.org\/{rel}","templated":true}]}}