{"id":174,"date":"2019-09-14T17:40:13","date_gmt":"2019-09-14T15:40:13","guid":{"rendered":"https:\/\/geodzer.fr\/?page_id=174"},"modified":"2022-10-28T10:22:56","modified_gmt":"2022-10-28T08:22:56","slug":"formation-professionnelle","status":"publish","type":"page","link":"https:\/\/www.geodzer.fr\/?page_id=174","title":{"rendered":"Formation professionnelle"},"content":{"rendered":"\n<p class=\"has-text-align-center has-medium-font-size\"><strong>SIG &amp; cartographie<\/strong><\/p>\n\n\n\n<ul><li>Initiation \u00e0 l\u2019information g\u00e9ographique et aux SIG<\/li><li>Formation aux logiciels SIG (ex. QGis, Grass, GvSIG)<\/li><li>Formation \u00e0 la gestion de bases de donn\u00e9es (PostgreSQL, PostGIS)<\/li><li>Formation aux web-SIG (serveurs cartographiques\u202f: GeoServer, MapServer, QGis Server), API (Leaflet, OpenLayers))<\/li><li>Formation \u00e0 l\u2019open data<\/li><li>Formation aux m\u00e9tadonn\u00e9es<\/li><\/ul>\n\n\n\n<div style=\"height:20px\" aria-hidden=\"true\" class=\"wp-block-spacer\"><\/div>\n\n\n\n<div class=\"wp-block-media-text alignwide has-media-on-the-right is-stacked-on-mobile\" style=\"grid-template-columns:auto 32%\"><figure class=\"wp-block-media-text__media\"><img loading=\"lazy\" width=\"872\" height=\"625\" src=\"https:\/\/www.geodzer.fr\/wp-content\/uploads\/2022\/10\/2-1.png\" alt=\"\" class=\"wp-image-524\" srcset=\"https:\/\/www.geodzer.fr\/wp-content\/uploads\/2022\/10\/2-1.png 872w, https:\/\/www.geodzer.fr\/wp-content\/uploads\/2022\/10\/2-1-300x215.png 300w, https:\/\/www.geodzer.fr\/wp-content\/uploads\/2022\/10\/2-1-768x550.png 768w\" sizes=\"(max-width: 872px) 100vw, 872px\" \/><\/figure><div class=\"wp-block-media-text__content\">\n<p class=\"has-text-align-center has-medium-font-size\"><strong>Logiciels de bureautique<\/strong><\/p>\n\n\n\n<ul><li>EXEMPLE WORD<\/li><li>EXEMPLE EXCEL<\/li><li>EXEMPLE POWERPOINT<\/li><li>AUTRE EXEMPLE<\/li><\/ul>\n<\/div><\/div>\n","protected":false},"excerpt":{"rendered":"<p>SIG &amp; cartographie Initiation \u00e0 l\u2019information g\u00e9ographique et aux SIG Formation aux logiciels SIG (ex. QGis, Grass, GvSIG) Formation \u00e0 la gestion de bases de donn\u00e9es (PostgreSQL, PostGIS) Formation aux web-SIG (serveurs cartographiques\u202f: GeoServer, MapServer, QGis Server), API (Leaflet, OpenLayers)) Formation \u00e0 l\u2019open data Formation aux m\u00e9tadonn\u00e9es Logiciels de bureautique EXEMPLE WORD EXEMPLE EXCEL EXEMPLE [&hellip;]<\/p>\n","protected":false},"author":1,"featured_media":0,"parent":119,"menu_order":2,"comment_status":"closed","ping_status":"closed","template":"","meta":[],"_links":{"self":[{"href":"https:\/\/www.geodzer.fr\/index.php?rest_route=\/wp\/v2\/pages\/174"}],"collection":[{"href":"https:\/\/www.geodzer.fr\/index.php?rest_route=\/wp\/v2\/pages"}],"about":[{"href":"https:\/\/www.geodzer.fr\/index.php?rest_route=\/wp\/v2\/types\/page"}],"author":[{"embeddable":true,"href":"https:\/\/www.geodzer.fr\/index.php?rest_route=\/wp\/v2\/users\/1"}],"replies":[{"embeddable":true,"href":"https:\/\/www.geodzer.fr\/index.php?rest_route=%2Fwp%2Fv2%2Fcomments&post=174"}],"version-history":[{"count":10,"href":"https:\/\/www.geodzer.fr\/index.php?rest_route=\/wp\/v2\/pages\/174\/revisions"}],"predecessor-version":[{"id":572,"href":"https:\/\/www.geodzer.fr\/index.php?rest_route=\/wp\/v2\/pages\/174\/revisions\/572"}],"up":[{"embeddable":true,"href":"https:\/\/www.geodzer.fr\/index.php?rest_route=\/wp\/v2\/pages\/119"}],"wp:attachment":[{"href":"https:\/\/www.geodzer.fr\/index.php?rest_route=%2Fwp%2Fv2%2Fmedia&parent=174"}],"curies":[{"name":"wp","href":"https:\/\/api.w.org\/{rel}","templated":true}]}}