{"id":138,"date":"2019-09-14T12:22:18","date_gmt":"2019-09-14T10:22:18","guid":{"rendered":"https:\/\/geodzer.fr\/?page_id=138"},"modified":"2022-10-27T18:27:42","modified_gmt":"2022-10-27T16:27:42","slug":"a-propos","status":"publish","type":"page","link":"https:\/\/www.geodzer.fr\/?page_id=138","title":{"rendered":"QUI SOMMES-NOUS ?"},"content":{"rendered":"\n<div class=\"wp-block-media-text alignwide is-stacked-on-mobile\" style=\"grid-template-columns:39% auto\"><figure class=\"wp-block-media-text__media\"><img loading=\"lazy\" width=\"1024\" height=\"768\" src=\"https:\/\/www.geodzer.fr\/wp-content\/uploads\/2019\/09\/Penguins-1024x768.jpg\" alt=\"\" class=\"wp-image-425\" srcset=\"https:\/\/www.geodzer.fr\/wp-content\/uploads\/2019\/09\/Penguins.jpg 1024w, https:\/\/www.geodzer.fr\/wp-content\/uploads\/2019\/09\/Penguins-300x225.jpg 300w, https:\/\/www.geodzer.fr\/wp-content\/uploads\/2019\/09\/Penguins-768x576.jpg 768w\" sizes=\"(max-width: 1024px) 100vw, 1024px\" \/><\/figure><div class=\"wp-block-media-text__content\">\n<p class=\"has-text-align-center has-medium-font-size\"><strong>GEODZER, entreprise mahoraise au service des acteurs locaux<\/strong><\/p>\n\n\n\n<p class=\"has-text-align-center\">Paragraphe qui r\u00e9sume l&rsquo;entreprise, les valeurs, l&rsquo;implantation, etc.<\/p>\n\n\n\n<p class=\"has-text-align-center has-normal-font-size\">Lorem ipsum dolor sit amet, consectetur adipiscing elit, sed do eiusmod tempor incididunt ut labore et dolore magna aliqua. Id eu nisl nunc mi ipsum faucibus vitae. Orci phasellus egestas tellus rutrum tellus. Ac placerat vestibulum lectus mauris ultrices eros. Facilisis leo vel fringilla est ullamcorper eget nulla. Sed libero enim sed faucibus turpis in eu mi.<\/p>\n\n\n\n<p><\/p>\n<\/div><\/div>\n\n\n\n<div class=\"wp-container-1 wp-block-group alignwide\"><div class=\"wp-block-group__inner-container\">\n<div style=\"height:66px\" aria-hidden=\"true\" class=\"wp-block-spacer\"><\/div>\n<\/div><\/div>\n\n\n\n<p class=\"has-text-align-center has-medium-font-size\"><strong>Des sp\u00e9cialistes pour r\u00e9pondre \u00e0 tous vos besoins<\/strong><\/p>\n\n\n\n<div class=\"wp-container-4 wp-block-columns\">\n<div class=\"wp-container-2 wp-block-column\"><\/div>\n\n\n\n<div class=\"wp-container-3 wp-block-column\"><\/div>\n<\/div>\n\n\n\n<div class=\"wp-block-image\"><figure class=\"aligncenter size-large is-resized\"><img loading=\"lazy\" src=\"https:\/\/www.geodzer.fr\/wp-content\/uploads\/2022\/10\/2-1.png\" alt=\"\" class=\"wp-image-524\" width=\"421\" height=\"301\" srcset=\"https:\/\/www.geodzer.fr\/wp-content\/uploads\/2022\/10\/2-1.png 872w, https:\/\/www.geodzer.fr\/wp-content\/uploads\/2022\/10\/2-1-300x215.png 300w, https:\/\/www.geodzer.fr\/wp-content\/uploads\/2022\/10\/2-1-768x550.png 768w\" sizes=\"(max-width: 421px) 100vw, 421px\" \/><\/figure><\/div>\n\n\n\n<p style=\"font-size:14px\" class=\"has-text-align-center\"><strong>Rahiki Houmadi &amp; Florian Delahaye<\/strong><br><em>Ing\u00e9nieur G\u00e9omaticien &amp; Docteur en G\u00e9ographie, Sp\u00e9cialit\u00e9s SIG et T\u00e9l\u00e9d\u00e9tection<\/em><\/p>\n\n\n\n<div style=\"height:66px\" aria-hidden=\"true\" class=\"wp-block-spacer\"><\/div>\n\n\n\n<div class=\"wp-block-media-text alignwide has-media-on-the-right is-stacked-on-mobile\" style=\"grid-template-columns:auto 38%\"><figure class=\"wp-block-media-text__media\"><img loading=\"lazy\" width=\"1024\" height=\"768\" src=\"https:\/\/www.geodzer.fr\/wp-content\/uploads\/2019\/09\/Penguins-1024x768.jpg\" alt=\"\" class=\"wp-image-425\" srcset=\"https:\/\/www.geodzer.fr\/wp-content\/uploads\/2019\/09\/Penguins.jpg 1024w, https:\/\/www.geodzer.fr\/wp-content\/uploads\/2019\/09\/Penguins-300x225.jpg 300w, https:\/\/www.geodzer.fr\/wp-content\/uploads\/2019\/09\/Penguins-768x576.jpg 768w\" sizes=\"(max-width: 1024px) 100vw, 1024px\" \/><\/figure><div class=\"wp-block-media-text__content\">\n<p class=\"has-text-align-center has-medium-font-size\"><strong>Notre mat\u00e9riel<\/strong><\/p>\n\n\n\n<p class=\"has-text-align-center has-normal-font-size\"><br>Nous disposons de tout le mat\u00e9riel n\u00e9cessaire afin de r\u00e9pondre \u00e0 vos besoins cartographiques et web. Si vous avez des besoins d&rsquo;images drones, nous feront voler notre XXXXXXXX. Pour tout besoin GPS, nous utiliserons notre XXXXXXXX, de pr\u00e9cision 1 centim\u00e8tre. Etc. Lorem ipsum dolor sit amet, consectetur adipiscing elit, sed do eiusmod tempor incididunt ut labore et dolore magna aliqua. Id eu nisl nunc mi ipsum faucibus vitae.<br><\/p>\n<\/div><\/div>\n\n\n\n<p><\/p>\n","protected":false},"excerpt":{"rendered":"<p>GEODZER, entreprise mahoraise au service des acteurs locaux Paragraphe qui r\u00e9sume l&rsquo;entreprise, les valeurs, l&rsquo;implantation, etc. Lorem ipsum dolor sit amet, consectetur adipiscing elit, sed do eiusmod tempor incididunt ut labore et dolore magna aliqua. Id eu nisl nunc mi ipsum faucibus vitae. Orci phasellus egestas tellus rutrum tellus. Ac placerat vestibulum lectus mauris ultrices [&hellip;]<\/p>\n","protected":false},"author":1,"featured_media":0,"parent":0,"menu_order":1,"comment_status":"closed","ping_status":"closed","template":"","meta":[],"_links":{"self":[{"href":"https:\/\/www.geodzer.fr\/index.php?rest_route=\/wp\/v2\/pages\/138"}],"collection":[{"href":"https:\/\/www.geodzer.fr\/index.php?rest_route=\/wp\/v2\/pages"}],"about":[{"href":"https:\/\/www.geodzer.fr\/index.php?rest_route=\/wp\/v2\/types\/page"}],"author":[{"embeddable":true,"href":"https:\/\/www.geodzer.fr\/index.php?rest_route=\/wp\/v2\/users\/1"}],"replies":[{"embeddable":true,"href":"https:\/\/www.geodzer.fr\/index.php?rest_route=%2Fwp%2Fv2%2Fcomments&post=138"}],"version-history":[{"count":23,"href":"https:\/\/www.geodzer.fr\/index.php?rest_route=\/wp\/v2\/pages\/138\/revisions"}],"predecessor-version":[{"id":534,"href":"https:\/\/www.geodzer.fr\/index.php?rest_route=\/wp\/v2\/pages\/138\/revisions\/534"}],"wp:attachment":[{"href":"https:\/\/www.geodzer.fr\/index.php?rest_route=%2Fwp%2Fv2%2Fmedia&parent=138"}],"curies":[{"name":"wp","href":"https:\/\/api.w.org\/{rel}","templated":true}]}}